{"id":2585,"date":"2026-03-25T20:16:03","date_gmt":"2026-03-25T19:16:03","guid":{"rendered":"https:\/\/new.chatanaskarpie.pl\/ubytovaci-rad\/"},"modified":"2026-03-26T21:52:58","modified_gmt":"2026-03-26T20:52:58","slug":"ubytovaci-rad","status":"publish","type":"page","link":"https:\/\/new.chatanaskarpie.pl\/cs\/ubytovaci-rad\/","title":{"rendered":"Ubytovac\u00ed \u0159\u00e1d"},"content":{"rendered":"\t\t<div data-elementor-type=\"wp-page\" data-elementor-id=\"2585\" class=\"elementor elementor-2585 elementor-2348\">\n\t\t\t\t\t\t<section class=\"elementor-section elementor-top-section elementor-element elementor-element-14592eaf elementor-section-height-min-height elementor-section-boxed elementor-section-height-default elementor-section-items-middle\" data-id=\"14592eaf\" data-element_type=\"section\" data-e-type=\"section\" data-settings=\"{&quot;hoteller_ext_is_background_parallax&quot;:&quot;true&quot;,&quot;hoteller_ext_is_background_parallax_speed&quot;:{&quot;unit&quot;:&quot;px&quot;,&quot;size&quot;:0.1,&quot;sizes&quot;:[]},&quot;hoteller_ext_is_background_backdrop&quot;:&quot;false&quot;,&quot;hoteller_ext_is_background_on_scroll&quot;:&quot;false&quot;}\">\n\t\t\t\t\t\t\t<div class=\"elementor-background-overlay\"><\/div>\n\t\t\t\t\t\t\t<div class=\"elementor-container elementor-column-gap-default\">\n\t\t\t\t\t<div class=\"elementor-column elementor-col-100 elementor-top-column elementor-element elementor-element-36b44d43\" data-id=\"36b44d43\" data-element_type=\"column\" data-e-type=\"column\" data-settings=\"{&quot;hoteller_ext_link_sidemenu&quot;:&quot;false&quot;,&quot;hoteller_ext_link_fullmenu&quot;:&quot;false&quot;,&quot;hoteller_ext_link_closed_fullmenu&quot;:&quot;false&quot;,&quot;hoteller_ext_is_scrollme&quot;:&quot;false&quot;,&quot;hoteller_ext_is_smoove&quot;:&quot;false&quot;,&quot;hoteller_ext_is_parallax_mouse&quot;:&quot;false&quot;,&quot;hoteller_ext_is_infinite&quot;:&quot;false&quot;,&quot;hoteller_ext_is_fadeout_animation&quot;:&quot;false&quot;,&quot;hoteller_ext_mobile_static&quot;:&quot;false&quot;}\">\n\t\t\t<div class=\"elementor-widget-wrap elementor-element-populated\">\n\t\t\t\t\t\t<div class=\"elementor-element elementor-element-68fca598 elementor-widget elementor-widget-heading\" data-id=\"68fca598\" data-element_type=\"widget\" data-e-type=\"widget\" data-settings=\"{&quot;hoteller_ext_link_sidemenu&quot;:&quot;false&quot;,&quot;hoteller_ext_link_fullmenu&quot;:&quot;false&quot;,&quot;hoteller_ext_link_closed_fullmenu&quot;:&quot;false&quot;,&quot;hoteller_ext_is_scrollme&quot;:&quot;false&quot;,&quot;hoteller_ext_is_smoove&quot;:&quot;false&quot;,&quot;hoteller_ext_is_parallax_mouse&quot;:&quot;false&quot;,&quot;hoteller_ext_is_infinite&quot;:&quot;false&quot;,&quot;hoteller_ext_is_fadeout_animation&quot;:&quot;false&quot;,&quot;hoteller_ext_mobile_static&quot;:&quot;false&quot;}\" data-widget_type=\"heading.default\">\n\t\t\t\t\t<h1 class=\"elementor-heading-title elementor-size-default\">Ubytovaci rad<\/h1>\t\t\t\t<\/div>\n\t\t\t\t\t<\/div>\n\t\t<\/div>\n\t\t\t\t\t<\/div>\n\t\t<\/section>\n\t\t<div class=\"elementor-element elementor-element-4c5c52a0 e-flex e-con-boxed e-con e-parent\" data-id=\"4c5c52a0\" data-element_type=\"container\" data-e-type=\"container\" data-settings=\"{&quot;hoteller_ext_is_background_parallax&quot;:&quot;false&quot;,&quot;hoteller_ext_is_background_backdrop&quot;:&quot;false&quot;,&quot;hoteller_ext_is_background_on_scroll&quot;:&quot;false&quot;,&quot;hoteller_ext_link_sidemenu&quot;:&quot;false&quot;,&quot;hoteller_ext_link_fullmenu&quot;:&quot;false&quot;,&quot;hoteller_ext_link_closed_fullmenu&quot;:&quot;false&quot;,&quot;hoteller_ext_is_scrollme&quot;:&quot;false&quot;,&quot;hoteller_ext_is_smoove&quot;:&quot;false&quot;,&quot;hoteller_ext_is_parallax_mouse&quot;:&quot;false&quot;,&quot;hoteller_ext_is_infinite&quot;:&quot;false&quot;,&quot;hoteller_ext_is_fadeout_animation&quot;:&quot;false&quot;,&quot;hoteller_ext_mobile_static&quot;:&quot;false&quot;}\">\n\t\t\t\t\t<div class=\"e-con-inner\">\n\t\t\t\t<div class=\"elementor-element elementor-element-174f096b elementor-widget elementor-widget-text-editor\" data-id=\"174f096b\" data-element_type=\"widget\" data-e-type=\"widget\" data-settings=\"{&quot;hoteller_ext_link_sidemenu&quot;:&quot;false&quot;,&quot;hoteller_ext_link_fullmenu&quot;:&quot;false&quot;,&quot;hoteller_ext_link_closed_fullmenu&quot;:&quot;false&quot;,&quot;hoteller_ext_is_scrollme&quot;:&quot;false&quot;,&quot;hoteller_ext_is_smoove&quot;:&quot;false&quot;,&quot;hoteller_ext_is_parallax_mouse&quot;:&quot;false&quot;,&quot;hoteller_ext_is_infinite&quot;:&quot;false&quot;,&quot;hoteller_ext_is_fadeout_animation&quot;:&quot;false&quot;,&quot;hoteller_ext_mobile_static&quot;:&quot;false&quot;}\" data-widget_type=\"text-editor.default\">\n\t\t\t\t\t\t\t\t\t<ol>\n<li><b>Exkluzivn\u00ed pron\u00e1jem:<\/b> Chata na Skarpie je pronaj\u00edm\u00e1na v\u00fdhradn\u011b jako celek na noci. Nepronaj\u00edm\u00e1me jednotliv\u00e9 pokoje. <\/li>\n<li><b>Po\u010det host\u016f:<\/b> Maxim\u00e1ln\u00ed po\u010det host\u016f v dom\u011b je 10.<\/li>\n<li><b>Monitoring a parkov\u00e1n\u00ed:<\/b> Venkovn\u00ed prostory a parkovi\u0161t\u011b jsou monitorov\u00e1ny.<\/li>\n<li><b>Hodiny ubytov\u00e1n\u00ed:<\/b>\n<ul>\n<li>Pobyt v domku <b>za\u010d\u00edn\u00e1 od 16:00<\/b> <b>a kon\u010d\u00ed v 10:00. <\/b><\/li>\n<li>Hosty standardn\u011b p\u0159ij\u00edm\u00e1me mezi 16:00 a 18:00, d\u0159\u00edv\u011bj\u0161\u00ed nebo pozd\u011bj\u0161\u00ed p\u0159\u00edjezd je mo\u017en\u00fd po p\u0159edchoz\u00ed domluv\u011b.<\/li>\n<\/ul>\n<\/li>\n<li><b>P\u0159ed\u00e1n\u00ed kl\u00ed\u010d\u016f:<\/b> Kl\u00ed\u010de jsou p\u0159ed\u00e1ny na z\u00e1klad\u011b p\u0159edlo\u017een\u00e9ho <b>dokladu toto\u017enosti<\/b> z\u00e1stupce host\u016f. Tato osoba odpov\u00edd\u00e1 za \u0161kody zp\u016fsoben\u00e9 osobami, kter\u00e9 ji doprov\u00e1zej\u00ed. <\/li>\n<li><b>Zp\u0159\u00edstupn\u011bn\u00ed objektu:<\/b> Host\u00e9 <strong>nesm\u00ed zp\u0159\u00edstup\u0148ovat objekt t\u0159et\u00edm osob\u00e1m<\/strong>. V objektu <b>nesm\u00ed<\/b> <b>pob\u00fdvat v\u00edce osob, ne\u017e bylo uvedeno<\/b> p\u0159i rezervaci. \n<ul>\n<li>V p\u0159\u00edpad\u011b p\u0159ekro\u010den\u00ed deklarovan\u00e9ho po\u010dtu osob (bez souhlasu a v\u011bdom\u00ed pronaj\u00edmatele) <b> si vyhrazujeme pr\u00e1vo na okam\u017eit\u00e9 ukon\u010den\u00ed smlouvy se v\u0161emi d\u016fsledky<\/b> a bez n\u00e1roku na vr\u00e1cen\u00ed zaplacen\u00e9 \u010d\u00e1stky.<\/li>\n<\/ul>\n<\/li>\n<li><b>Ztr\u00e1ta kl\u00ed\u010d\u016f:<\/b> V p\u0159\u00edpad\u011b ztr\u00e1ty kl\u00ed\u010d\u016f jsou host\u00e9 povinni uhradit poplatek ve v\u00fd\u0161i <b>100 PLN.<\/b><\/li>\n<li><b>Bezpe\u010dnostn\u00ed pravidla:<\/b>\n<ul>\n<li>Host\u016fm jsou k dispozici v\u00ed\u0159ivka, sauna a d\u011btsk\u00e9 h\u0159i\u0161t\u011b.<\/li>\n<li>Chata na Skarpie nenese odpov\u011bdnost za bezpe\u010dnost d\u011bt\u00ed na h\u0159i\u0161ti ani ve v\u00ed\u0159ivce. Vyu\u017e\u00edv\u00e1n\u00ed t\u011bchto atrakc\u00ed prob\u00edh\u00e1 pod dohledem dosp\u011bl\u00e9 osoby. <\/li>\n<li>Je nutn\u00e9 dodr\u017eovat provozn\u00ed \u0159\u00e1dy sauny a v\u00ed\u0159ivky, kter\u00e9 jsou k dispozici na m\u00edst\u011b.<\/li>\n<\/ul>\n<\/li>\n<li><b>Z\u00e1kaz kou\u0159en\u00ed a podpatk\u016f:<\/b> V dom\u011b plat\u00ed <b>p\u0159\u00edsn\u00fd z\u00e1kaz kou\u0159en\u00ed<\/b> (v\u010detn\u011b elektronick\u00fdch cigaret) a z\u00e1kaz ch\u016fze v podpatc\u00edch.<\/li>\n<li><b>Z\u00e1kaz nep\u0159\u00edjemn\u00fdch pach\u016f:<\/b> V domku plat\u00ed p\u0159\u00edsn\u00fd a <b>kategorick\u00fd z\u00e1kaz sma\u017een\u00ed ryb, su\u0161en\u00ed hub apod.<\/b>, tedy \u010dehokoliv, co by mohlo zp\u016fsobit t\u011b\u017eko odstraniteln\u00fd z\u00e1pach. V p\u0159\u00edpad\u011b nedodr\u017een\u00ed tohoto pravidla bude hostovi \u00fa\u010dtov\u00e1na cena za dezodorizaci prostoru. <\/li>\n<li><b>Hl\u00e1\u0161en\u00ed z\u00e1vad:<\/b> Pros\u00edme o nahl\u00e1\u0161en\u00ed ve\u0161ker\u00fdch po\u0161kozen\u00ed a z\u00e1vad vznikl\u00fdch b\u011bhem pobytu.<\/li>\n<li><b>Z\u00e1kaz vlastn\u00edch spot\u0159ebi\u010d\u016f:<\/b> Je zak\u00e1z\u00e1no pou\u017e\u00edvat v dom\u011b vlastn\u00ed elektrick\u00e9 spot\u0159ebi\u010de, plynov\u00e9 l\u00e1hve nebo jak\u00e1koliv jin\u00e1 p\u0159\u00eddavn\u00e1 za\u0159\u00edzen\u00ed bez souhlasu majitele.<\/li>\n<li><b>Dom\u00e1c\u00ed zv\u00ed\u0159ata:<\/b> Dom\u00e1c\u00ed zv\u00ed\u0159ata <b>nejsou povolena<\/b>.<\/li>\n<li><b>\u00daklid a zanech\u00e1n\u00ed majetku:<\/b> N\u00e1jemce je povinen udr\u017eovat domek v po\u0159\u00e1dku a <b>p\u0159edat ho ve stavu, v jak\u00e9m ho p\u0159evzal.<\/b> To zahrnuje zejm\u00e9na umyt\u00ed n\u00e1dob\u00ed a kuchy\u0148sk\u00e9ho n\u00e1\u010din\u00ed p\u0159ed odjezdem, vy\u010di\u0161t\u011bn\u00ed lednice od potravin a jej\u00ed zanech\u00e1n\u00ed v bezvadn\u00e9m stavu a vr\u00e1cen\u00ed zahradn\u00edho n\u00e1bytku na sv\u00e9 m\u00edsto. Nedodr\u017een\u00ed t\u011bchto povinnost\u00ed bude ode\u010dteno z kauce. <\/li>\n<li><b>Nevhodn\u00e9 u\u017e\u00edv\u00e1n\u00ed:<\/b> Za nevhodn\u00e9 u\u017e\u00edv\u00e1n\u00ed domu, neopr\u00e1vn\u011bn\u00e9 pou\u017eit\u00ed hasic\u00edch p\u0159\u00edstroj\u016f nebo nutnost v\u00fdm\u011bny vybaven\u00ed budou host\u016fm \u00fa\u010dtov\u00e1ny dodate\u010dn\u00e9 poplatky.<\/li>\n<li><b>No\u010dn\u00ed klid:<\/b> V dom\u011b plat\u00ed no\u010dn\u00ed klid od 22:00 do 06:00 n\u00e1sleduj\u00edc\u00edho dne. B\u011bhem no\u010dn\u00ed klidu by chov\u00e1n\u00ed host\u016f nem\u011blo naru\u0161ovat klid ostatn\u00edch. <\/li>\n<li><b>V\u00fdpadky u dodavatel\u016f:<\/b> Pronaj\u00edmatel nenese odpov\u011bdnost za p\u0159echodn\u00e9 v\u00fdpadky u dodavatel\u016f zp\u016fsoben\u00e9 absenc\u00ed elekt\u0159iny, vody, televizn\u00edho sign\u00e1lu nebo internetu.<\/li>\n<\/ol>\t\t\t\t\t\t\t\t<\/div>\n\t\t\t\t\t<\/div>\n\t\t\t\t<\/div>\n\t\t\t\t<\/div>\n\t\t","protected":false},"excerpt":{"rendered":"<p>Ubytovaci rad Exkluzivn\u00ed pron\u00e1jem: Chata na Skarpie je pronaj\u00edm\u00e1na v\u00fdhradn\u011b jako celek na noci. Nepronaj\u00edm\u00e1me jednotliv\u00e9 pokoje. Po\u010det host\u016f: Maxim\u00e1ln\u00ed po\u010det host\u016f v dom\u011b je 10. Monitoring a parkov\u00e1n\u00ed: Venkovn\u00ed prostory a parkovi\u0161t\u011b jsou monitorov\u00e1ny. Hodiny ubytov\u00e1n\u00ed: Pobyt v domku [&hellip;]<\/p>\n","protected":false},"author":1,"featured_media":0,"parent":0,"menu_order":0,"comment_status":"closed","ping_status":"closed","template":"","meta":{"footnotes":""},"class_list":["post-2585","page","type-page","status-publish","hentry"],"_links":{"self":[{"href":"https:\/\/new.chatanaskarpie.pl\/cs\/wp-json\/wp\/v2\/pages\/2585","targetHints":{"allow":["GET"]}}],"collection":[{"href":"https:\/\/new.chatanaskarpie.pl\/cs\/wp-json\/wp\/v2\/pages"}],"about":[{"href":"https:\/\/new.chatanaskarpie.pl\/cs\/wp-json\/wp\/v2\/types\/page"}],"author":[{"embeddable":true,"href":"https:\/\/new.chatanaskarpie.pl\/cs\/wp-json\/wp\/v2\/users\/1"}],"replies":[{"embeddable":true,"href":"https:\/\/new.chatanaskarpie.pl\/cs\/wp-json\/wp\/v2\/comments?post=2585"}],"version-history":[{"count":5,"href":"https:\/\/new.chatanaskarpie.pl\/cs\/wp-json\/wp\/v2\/pages\/2585\/revisions"}],"predecessor-version":[{"id":2600,"href":"https:\/\/new.chatanaskarpie.pl\/cs\/wp-json\/wp\/v2\/pages\/2585\/revisions\/2600"}],"wp:attachment":[{"href":"https:\/\/new.chatanaskarpie.pl\/cs\/wp-json\/wp\/v2\/media?parent=2585"}],"curies":[{"name":"wp","href":"https:\/\/api.w.org\/{rel}","templated":true}]}}