{"id":2589,"date":"2026-03-25T19:51:32","date_gmt":"2026-03-25T18:51:32","guid":{"rendered":"https:\/\/new.chatanaskarpie.pl\/rezervacni-rad\/"},"modified":"2026-03-26T21:53:00","modified_gmt":"2026-03-26T20:53:00","slug":"rezervacni-rad","status":"publish","type":"page","link":"https:\/\/new.chatanaskarpie.pl\/cs\/rezervacni-rad\/","title":{"rendered":"Rezerva\u010dn\u00ed \u0159\u00e1d"},"content":{"rendered":"\t\t<div data-elementor-type=\"wp-page\" data-elementor-id=\"2589\" class=\"elementor elementor-2589 elementor-2326\">\n\t\t\t\t\t\t<section class=\"elementor-section elementor-top-section elementor-element elementor-element-15bfa825 elementor-section-height-min-height elementor-section-boxed elementor-section-height-default elementor-section-items-middle\" data-id=\"15bfa825\" data-element_type=\"section\" data-e-type=\"section\" data-settings=\"{&quot;hoteller_ext_is_background_parallax&quot;:&quot;true&quot;,&quot;hoteller_ext_is_background_parallax_speed&quot;:{&quot;unit&quot;:&quot;px&quot;,&quot;size&quot;:0.1,&quot;sizes&quot;:[]},&quot;hoteller_ext_is_background_backdrop&quot;:&quot;false&quot;,&quot;hoteller_ext_is_background_on_scroll&quot;:&quot;false&quot;}\">\n\t\t\t\t\t\t\t<div class=\"elementor-background-overlay\"><\/div>\n\t\t\t\t\t\t\t<div class=\"elementor-container elementor-column-gap-default\">\n\t\t\t\t\t<div class=\"elementor-column elementor-col-100 elementor-top-column elementor-element elementor-element-7796b6c7\" data-id=\"7796b6c7\" data-element_type=\"column\" data-e-type=\"column\" data-settings=\"{&quot;hoteller_ext_link_sidemenu&quot;:&quot;false&quot;,&quot;hoteller_ext_link_fullmenu&quot;:&quot;false&quot;,&quot;hoteller_ext_link_closed_fullmenu&quot;:&quot;false&quot;,&quot;hoteller_ext_is_scrollme&quot;:&quot;false&quot;,&quot;hoteller_ext_is_smoove&quot;:&quot;false&quot;,&quot;hoteller_ext_is_parallax_mouse&quot;:&quot;false&quot;,&quot;hoteller_ext_is_infinite&quot;:&quot;false&quot;,&quot;hoteller_ext_is_fadeout_animation&quot;:&quot;false&quot;,&quot;hoteller_ext_mobile_static&quot;:&quot;false&quot;}\">\n\t\t\t<div class=\"elementor-widget-wrap elementor-element-populated\">\n\t\t\t\t\t\t<div class=\"elementor-element elementor-element-1ff4c297 elementor-widget elementor-widget-heading\" data-id=\"1ff4c297\" data-element_type=\"widget\" data-e-type=\"widget\" data-settings=\"{&quot;hoteller_ext_link_sidemenu&quot;:&quot;false&quot;,&quot;hoteller_ext_link_fullmenu&quot;:&quot;false&quot;,&quot;hoteller_ext_link_closed_fullmenu&quot;:&quot;false&quot;,&quot;hoteller_ext_is_scrollme&quot;:&quot;false&quot;,&quot;hoteller_ext_is_smoove&quot;:&quot;false&quot;,&quot;hoteller_ext_is_parallax_mouse&quot;:&quot;false&quot;,&quot;hoteller_ext_is_infinite&quot;:&quot;false&quot;,&quot;hoteller_ext_is_fadeout_animation&quot;:&quot;false&quot;,&quot;hoteller_ext_mobile_static&quot;:&quot;false&quot;}\" data-widget_type=\"heading.default\">\n\t\t\t\t\t<h1 class=\"elementor-heading-title elementor-size-default\">Rezervacni rad<\/h1>\t\t\t\t<\/div>\n\t\t\t\t\t<\/div>\n\t\t<\/div>\n\t\t\t\t\t<\/div>\n\t\t<\/section>\n\t\t<div class=\"elementor-element elementor-element-8cd5867 e-flex e-con-boxed e-con e-parent\" data-id=\"8cd5867\" data-element_type=\"container\" data-e-type=\"container\" data-settings=\"{&quot;hoteller_ext_is_background_parallax&quot;:&quot;false&quot;,&quot;hoteller_ext_is_background_backdrop&quot;:&quot;false&quot;,&quot;hoteller_ext_is_background_on_scroll&quot;:&quot;false&quot;,&quot;hoteller_ext_link_sidemenu&quot;:&quot;false&quot;,&quot;hoteller_ext_link_fullmenu&quot;:&quot;false&quot;,&quot;hoteller_ext_link_closed_fullmenu&quot;:&quot;false&quot;,&quot;hoteller_ext_is_scrollme&quot;:&quot;false&quot;,&quot;hoteller_ext_is_smoove&quot;:&quot;false&quot;,&quot;hoteller_ext_is_parallax_mouse&quot;:&quot;false&quot;,&quot;hoteller_ext_is_infinite&quot;:&quot;false&quot;,&quot;hoteller_ext_is_fadeout_animation&quot;:&quot;false&quot;,&quot;hoteller_ext_mobile_static&quot;:&quot;false&quot;}\">\n\t\t\t\t\t<div class=\"e-con-inner\">\n\t\t\t\t<div class=\"elementor-element elementor-element-4332cb03 elementor-widget elementor-widget-text-editor\" data-id=\"4332cb03\" data-element_type=\"widget\" data-e-type=\"widget\" data-settings=\"{&quot;hoteller_ext_link_sidemenu&quot;:&quot;false&quot;,&quot;hoteller_ext_link_fullmenu&quot;:&quot;false&quot;,&quot;hoteller_ext_link_closed_fullmenu&quot;:&quot;false&quot;,&quot;hoteller_ext_is_scrollme&quot;:&quot;false&quot;,&quot;hoteller_ext_is_smoove&quot;:&quot;false&quot;,&quot;hoteller_ext_is_parallax_mouse&quot;:&quot;false&quot;,&quot;hoteller_ext_is_infinite&quot;:&quot;false&quot;,&quot;hoteller_ext_is_fadeout_animation&quot;:&quot;false&quot;,&quot;hoteller_ext_mobile_static&quot;:&quot;false&quot;}\" data-widget_type=\"text-editor.default\">\n\t\t\t\t\t\t\t\t\t<ul><li style=\"list-style-type: none;\"><ol><li><strong>Rezervace a kontaktn\u00ed \u00fadaje:<\/strong> Rezervaci pobytu v rekrea\u010dn\u00edm domku Chata na Skarpie, ul. Kolorowa 22A, 43-370 Szczyrk, Polsko, lze prov\u00e9st prost\u0159ednictv\u00edm: <ul><li>telefonick\u00e9ho kontaktu: +48 607 995 885<\/li><li>e-mailu: <a href=\"mailto:kontakt@chatanaskarpie.pl\">kontakt@chatanaskarpie.pl<\/a><\/li><li>webov\u00fdch str\u00e1nek: chatanaskarpie.pl<\/li><\/ul><\/li><li><strong>Po\u017eadovan\u00e9 osobn\u00ed \u00fadaje:<\/strong> Osoba prov\u00e1d\u011bj\u00edc\u00ed rezervaci je povinna poskytnout spr\u00e1vn\u00e9 osobn\u00ed \u00fadaje, jako jsou: jm\u00e9no a p\u0159\u00edjmen\u00ed, telefonn\u00ed \u010d\u00edslo, e-mailov\u00e1 adresa, po\u010det osob a term\u00edn pobytu. Poskytnut\u00ed t\u011bchto \u00fadaj\u016f je nezbytn\u00e9 pro proveden\u00ed rezervace. <\/li><li><strong>Zpracov\u00e1n\u00ed osobn\u00edch \u00fadaj\u016f:<\/strong> Osoba prov\u00e1d\u011bj\u00edc\u00ed rezervaci souhlas\u00ed se za\u0159azen\u00edm sv\u00fdch osobn\u00edch \u00fadaj\u016f do datab\u00e1ze. Spr\u00e1vcem osobn\u00edch \u00fadaj\u016f je Dorota Oczkowicz, ul. J\u0119czmienna 22, 44-141 Gliwice. \u00dadaje budou zpracov\u00e1v\u00e1ny za \u00fa\u010delem proveden\u00ed cel\u00e9ho procesu rezervace. Osoba prov\u00e1d\u011bj\u00edc\u00ed rezervaci m\u00e1 pr\u00e1vo na p\u0159\u00edstup ke sv\u00fdm \u00fadaj\u016fm a jejich opravu.    <\/li><li><strong>Podm\u00ednky rezervace:<\/strong><ul><li>Minim\u00e1ln\u00ed d\u00e9lka pobytu jsou 2 noci (m\u016f\u017ee se li\u0161it podle obdob\u00ed).<\/li><li>Po\u0159\u00e1d\u00e1n\u00ed oslav (nap\u0159. rozlu\u010dky se svobodou) je zak\u00e1z\u00e1no.<\/li><li>Dom\u00e1c\u00ed zv\u00ed\u0159ata nejsou povolena.<\/li><li> Znalost a p\u0159ijet\u00ed ubytovac\u00edho \u0159\u00e1du. <strong><a href=\"https:\/\/new.chatanaskarpie.pl\/cs\/ubytovaci-rad\/\">Odkaz na ubytovac\u00ed \u0159\u00e1d<\/a><\/strong><\/li><\/ul><\/li><li><strong>Bal\u00ed\u010dek SPA:<\/strong> V cen\u011b pobytu je zahrnut p\u0159\u00edstup k spa bal\u00ed\u010dku, kter\u00fd zahrnuje vyu\u017eit\u00ed v\u00ed\u0159ivky s horkou vodou a sauny. V p\u0159\u00edpad\u011b technick\u00fdch probl\u00e9m\u016f znemo\u017e\u0148uj\u00edc\u00edch provoz v\u00ed\u0159ivky nebo sauny nevznik\u00e1 n\u00e1rok na kompenzaci za pobyt. <\/li><li><strong>Potvrzen\u00ed rezervace:<\/strong> Rezervace je pova\u017eov\u00e1na za potvrzenou po uhrazen\u00ed z\u00e1lohy ve v\u00fd\u0161i 30 % z celkov\u00e9 hodnoty pobytu na \u00fa\u010det objektu. Platbu je nutn\u00e9 prov\u00e9st do 2 dn\u016f od proveden\u00ed rezervace. Nezaplacen\u00ed v dohodnut\u00e9m term\u00ednu m\u00e1 za n\u00e1sledek automatick\u00e9 zru\u0161en\u00ed rezervace.  <\/li><li><strong>Zp\u016fsoby platby:<\/strong> Z\u00e1lohu lze uhradit dv\u011bma zp\u016fsoby:<br>a) Bankovn\u00edm p\u0159evodem na \u00fa\u010det:<br>Dorota Oczkowicz<br>ul. J\u0119czmienna 22<br>44-141 Gliwice<br>Polsko<br>\u010d\u00edslo \u00fa\u010dtu: ING Bank \u015al\u0105ski 77 1050 1298 1000 0092 5873 0523<br>b) Debetn\u00ed\/kreditn\u00ed kartou <\/li><li><strong>Platba za pobyt:<\/strong> Poplatek za pobyt je splatn\u00fd v den p\u0159\u00edjezdu. Host je povinen zaplatit za deklarovan\u00fd pobyt v den p\u0159\u00edjezdu, a to i v p\u0159\u00edpad\u011b, \u017ee ji\u017e uhradil z\u00e1lohu. Poplatek nahrazuje smlouvu mezi stranami. <br>Poplatek za pobyt lze uhradit:<br>a) Hotovost\u00ed na m\u00edst\u011b<br>b) Bankovn\u00edm p\u0159evodem (p\u0159evod mus\u00ed b\u00fdt p\u0159ips\u00e1n na \u00fa\u010det do dne p\u0159\u00edjezdu)<br>c) Debetn\u00ed\/kreditn\u00ed kartou  <\/li><li><strong>Z\u00e1loha na p\u0159\u00edpadn\u00e9 \u0161kody:<\/strong> Povinn\u00e1 z\u00e1loha na p\u0159\u00edpadn\u00e9 \u0161kody ve v\u00fd\u0161i 800 PLN je splatn\u00e1 na m\u00edst\u011b v den p\u0159\u00edjezdu. Z\u00e1loha bude vr\u00e1cena v pln\u00e9 v\u00fd\u0161i do 7 dn\u016f po odjezdu na bankovn\u00ed \u00fa\u010det poskytnut\u00fd hostem, pokud nebylo zji\u0161t\u011bno \u017e\u00e1dn\u00e9 po\u0161kozen\u00ed ani poru\u0161en\u00ed ubytovac\u00edho \u0159\u00e1du. V p\u0159\u00edpad\u011b zji\u0161t\u011bn\u00ed po\u0161kozen\u00ed nebo poru\u0161en\u00ed pravidel budou n\u00e1klady na opravu nebo n\u00e1hradu \u0161kody ode\u010dteny ze z\u00e1lohy a zb\u00fdvaj\u00edc\u00ed \u010d\u00e1stka bude vr\u00e1cena hostovi na jeho bankovn\u00ed \u00fa\u010det.  <\/li><li><strong>Zru\u0161en\u00ed rezervace:<\/strong><ul><li>Nezaplacen\u00ed z\u00e1lohy v dohodnut\u00e9m term\u00ednu m\u00e1 za n\u00e1sledek automatick\u00e9 zru\u0161en\u00ed rezervace.<\/li><li>Zru\u0161en\u00ed rezervace v\u00edce ne\u017e 14 dn\u00ed p\u0159ed pl\u00e1novan\u00fdm p\u0159\u00edjezdem m\u00e1 za n\u00e1sledek vr\u00e1cen\u00ed 50 % zaplacen\u00e9 z\u00e1lohy.<\/li><li>Zru\u0161en\u00ed rezervace m\u00e9n\u011b ne\u017e 14 dn\u00ed p\u0159ed pl\u00e1novan\u00fdm p\u0159\u00edjezdem nezakl\u00e1d\u00e1 n\u00e1rok na vr\u00e1cen\u00ed z\u00e1lohy.<\/li><\/ul><\/li><\/ol><\/li><\/ul><p><strong>P\u0159ijet\u00ed podm\u00ednek rezervace obsa\u017een\u00fdch v tomto \u0159\u00e1du a ubytovac\u00edm \u0159\u00e1du nast\u00e1v\u00e1 uhrazen\u00edm rezerva\u010dn\u00ed z\u00e1lohy a znamen\u00e1 platn\u00e9 proveden\u00ed rezervace.<\/strong><\/p>\t\t\t\t\t\t\t\t<\/div>\n\t\t\t\t\t<\/div>\n\t\t\t\t<\/div>\n\t\t\t\t<\/div>\n\t\t","protected":false},"excerpt":{"rendered":"<p>Rezervacni rad Rezervace a kontaktn\u00ed \u00fadaje: Rezervaci pobytu v rekrea\u010dn\u00edm domku Chata na Skarpie, ul. Kolorowa 22A, 43-370 Szczyrk, Polsko, lze prov\u00e9st prost\u0159ednictv\u00edm: telefonick\u00e9ho kontaktu: +48 607 995 885 e-mailu: kontakt@chatanaskarpie.pl webov\u00fdch str\u00e1nek: chatanaskarpie.pl Po\u017eadovan\u00e9 osobn\u00ed \u00fadaje: Osoba prov\u00e1d\u011bj\u00edc\u00ed rezervaci [&hellip;]<\/p>\n","protected":false},"author":1,"featured_media":0,"parent":0,"menu_order":0,"comment_status":"closed","ping_status":"closed","template":"","meta":{"footnotes":""},"class_list":["post-2589","page","type-page","status-publish","hentry"],"_links":{"self":[{"href":"https:\/\/new.chatanaskarpie.pl\/cs\/wp-json\/wp\/v2\/pages\/2589","targetHints":{"allow":["GET"]}}],"collection":[{"href":"https:\/\/new.chatanaskarpie.pl\/cs\/wp-json\/wp\/v2\/pages"}],"about":[{"href":"https:\/\/new.chatanaskarpie.pl\/cs\/wp-json\/wp\/v2\/types\/page"}],"author":[{"embeddable":true,"href":"https:\/\/new.chatanaskarpie.pl\/cs\/wp-json\/wp\/v2\/users\/1"}],"replies":[{"embeddable":true,"href":"https:\/\/new.chatanaskarpie.pl\/cs\/wp-json\/wp\/v2\/comments?post=2589"}],"version-history":[{"count":5,"href":"https:\/\/new.chatanaskarpie.pl\/cs\/wp-json\/wp\/v2\/pages\/2589\/revisions"}],"predecessor-version":[{"id":2594,"href":"https:\/\/new.chatanaskarpie.pl\/cs\/wp-json\/wp\/v2\/pages\/2589\/revisions\/2594"}],"wp:attachment":[{"href":"https:\/\/new.chatanaskarpie.pl\/cs\/wp-json\/wp\/v2\/media?parent=2589"}],"curies":[{"name":"wp","href":"https:\/\/api.w.org\/{rel}","templated":true}]}}