{"id":2511,"date":"2026-03-25T19:51:32","date_gmt":"2026-03-25T18:51:32","guid":{"rendered":"https:\/\/new.chatanaskarpie.pl\/booking-terms-conditions\/"},"modified":"2026-03-26T21:52:21","modified_gmt":"2026-03-26T20:52:21","slug":"booking-terms-conditions","status":"publish","type":"page","link":"https:\/\/new.chatanaskarpie.pl\/en\/booking-terms-conditions\/","title":{"rendered":"Booking Terms &amp; Conditions"},"content":{"rendered":"\t\t<div data-elementor-type=\"wp-page\" data-elementor-id=\"2511\" class=\"elementor elementor-2511 elementor-2326\">\n\t\t\t\t\t\t<section class=\"elementor-section elementor-top-section elementor-element elementor-element-15bfa825 elementor-section-height-min-height elementor-section-boxed elementor-section-height-default elementor-section-items-middle\" data-id=\"15bfa825\" data-element_type=\"section\" data-e-type=\"section\" data-settings=\"{&quot;hoteller_ext_is_background_parallax&quot;:&quot;true&quot;,&quot;hoteller_ext_is_background_parallax_speed&quot;:{&quot;unit&quot;:&quot;px&quot;,&quot;size&quot;:0.1,&quot;sizes&quot;:[]},&quot;hoteller_ext_is_background_backdrop&quot;:&quot;false&quot;,&quot;hoteller_ext_is_background_on_scroll&quot;:&quot;false&quot;}\">\n\t\t\t\t\t\t\t<div class=\"elementor-background-overlay\"><\/div>\n\t\t\t\t\t\t\t<div class=\"elementor-container elementor-column-gap-default\">\n\t\t\t\t\t<div class=\"elementor-column elementor-col-100 elementor-top-column elementor-element elementor-element-7796b6c7\" data-id=\"7796b6c7\" data-element_type=\"column\" data-e-type=\"column\" data-settings=\"{&quot;hoteller_ext_link_sidemenu&quot;:&quot;false&quot;,&quot;hoteller_ext_link_fullmenu&quot;:&quot;false&quot;,&quot;hoteller_ext_link_closed_fullmenu&quot;:&quot;false&quot;,&quot;hoteller_ext_is_scrollme&quot;:&quot;false&quot;,&quot;hoteller_ext_is_smoove&quot;:&quot;false&quot;,&quot;hoteller_ext_is_parallax_mouse&quot;:&quot;false&quot;,&quot;hoteller_ext_is_infinite&quot;:&quot;false&quot;,&quot;hoteller_ext_is_fadeout_animation&quot;:&quot;false&quot;,&quot;hoteller_ext_mobile_static&quot;:&quot;false&quot;}\">\n\t\t\t<div class=\"elementor-widget-wrap elementor-element-populated\">\n\t\t\t\t\t\t<div class=\"elementor-element elementor-element-1ff4c297 elementor-widget elementor-widget-heading\" data-id=\"1ff4c297\" data-element_type=\"widget\" data-e-type=\"widget\" data-settings=\"{&quot;hoteller_ext_link_sidemenu&quot;:&quot;false&quot;,&quot;hoteller_ext_link_fullmenu&quot;:&quot;false&quot;,&quot;hoteller_ext_link_closed_fullmenu&quot;:&quot;false&quot;,&quot;hoteller_ext_is_scrollme&quot;:&quot;false&quot;,&quot;hoteller_ext_is_smoove&quot;:&quot;false&quot;,&quot;hoteller_ext_is_parallax_mouse&quot;:&quot;false&quot;,&quot;hoteller_ext_is_infinite&quot;:&quot;false&quot;,&quot;hoteller_ext_is_fadeout_animation&quot;:&quot;false&quot;,&quot;hoteller_ext_mobile_static&quot;:&quot;false&quot;}\" data-widget_type=\"heading.default\">\n\t\t\t\t\t<h1 class=\"elementor-heading-title elementor-size-default\">Booking Terms &amp; Conditions<\/h1>\t\t\t\t<\/div>\n\t\t\t\t\t<\/div>\n\t\t<\/div>\n\t\t\t\t\t<\/div>\n\t\t<\/section>\n\t\t<div class=\"elementor-element elementor-element-8cd5867 e-flex e-con-boxed e-con e-parent\" data-id=\"8cd5867\" data-element_type=\"container\" data-e-type=\"container\" data-settings=\"{&quot;hoteller_ext_is_background_parallax&quot;:&quot;false&quot;,&quot;hoteller_ext_is_background_backdrop&quot;:&quot;false&quot;,&quot;hoteller_ext_is_background_on_scroll&quot;:&quot;false&quot;,&quot;hoteller_ext_link_sidemenu&quot;:&quot;false&quot;,&quot;hoteller_ext_link_fullmenu&quot;:&quot;false&quot;,&quot;hoteller_ext_link_closed_fullmenu&quot;:&quot;false&quot;,&quot;hoteller_ext_is_scrollme&quot;:&quot;false&quot;,&quot;hoteller_ext_is_smoove&quot;:&quot;false&quot;,&quot;hoteller_ext_is_parallax_mouse&quot;:&quot;false&quot;,&quot;hoteller_ext_is_infinite&quot;:&quot;false&quot;,&quot;hoteller_ext_is_fadeout_animation&quot;:&quot;false&quot;,&quot;hoteller_ext_mobile_static&quot;:&quot;false&quot;}\">\n\t\t\t\t\t<div class=\"e-con-inner\">\n\t\t\t\t<div class=\"elementor-element elementor-element-4332cb03 elementor-widget elementor-widget-text-editor\" data-id=\"4332cb03\" data-element_type=\"widget\" data-e-type=\"widget\" data-settings=\"{&quot;hoteller_ext_link_sidemenu&quot;:&quot;false&quot;,&quot;hoteller_ext_link_fullmenu&quot;:&quot;false&quot;,&quot;hoteller_ext_link_closed_fullmenu&quot;:&quot;false&quot;,&quot;hoteller_ext_is_scrollme&quot;:&quot;false&quot;,&quot;hoteller_ext_is_smoove&quot;:&quot;false&quot;,&quot;hoteller_ext_is_parallax_mouse&quot;:&quot;false&quot;,&quot;hoteller_ext_is_infinite&quot;:&quot;false&quot;,&quot;hoteller_ext_is_fadeout_animation&quot;:&quot;false&quot;,&quot;hoteller_ext_mobile_static&quot;:&quot;false&quot;}\" data-widget_type=\"text-editor.default\">\n\t\t\t\t\t\t\t\t\t<ul><li style=\"list-style-type: none;\"><ol><li><strong>Booking &amp; Contact Details:<\/strong> You can book your stay at Chata na Skarpie, ul. Kolorowa 22A, 43-370 Szczyrk, Poland in the following ways: <ul><li>Phone: +48 607 995 885<\/li><li>Email: <a href=\"mailto:kontakt@chatanaskarpie.pl\">kontakt@chatanaskarpie.pl <\/a><\/li><li>Website: chatanaskarpie.pl<\/li><\/ul><\/li><li><strong>Personal details required:<\/strong> When making a booking, you&#8217;ll need to provide your full name, phone number, email address, number of guests and dates of stay. These details are required to complete your booking. <\/li><li><strong>Data processing:<\/strong> By making a booking, you agree to your personal data being stored in our database. The data administrator is Dorota Oczkowicz, ul. J\u0119czmienna 22, 44-141 Gliwice. Your data will be used solely for the purpose of processing your booking. You have the right to access and update your personal data at any time.    <\/li><li><strong>Booking conditions:<\/strong><ul><li>Minimum 2-night stay (may vary depending on the time of year)<\/li><li>Stag\/hen parties and similar events are not permitted<\/li><li>No pets<\/li><li> Guests must read and accept the Terms &amp; Conditions of Stay before booking &#8211; <strong><a href=\"https:\/\/new.chatanaskarpie.pl\/en\/terms-conditions-of-stay\/\">Link to Terms<\/a><\/strong><\/li><\/ul><\/li><li><strong>SPA package:<\/strong> Every stay includes access to the SPA package, which covers use of the wood-fired hot tub and sauna. Please note that in the event of a technical issue preventing use of the hot tub or sauna, no compensation will be offered. <\/li><li><strong>Booking confirmation:<\/strong> A booking is confirmed once a 30% deposit has been paid into our account. Payment must be made within 2 days of the booking being made. If payment is not received within this time, the booking will be automatically cancelled.  <\/li><li><strong>Payment methods for the deposit:<\/strong> <br>a) Bank transfer to: <br>Dorota Oczkowicz, <br>ul. J\u0119czmienna 22, <br>44-141 Gliwice, <br>Poland, <br> Account number: ING Bank \u015al\u0105ski 77 1050 1298 1000 0092 5873 0523 <br>b) Debit\/credit card <\/li><li><strong>Payment for your stay:<\/strong> The remaining balance is due on the day of arrival. This applies even if a deposit has already been paid. Payment for the stay can be made:<br>a) Cash on arrival <br>b) Bank transfer (must be received by the day of arrival) <br>c) Debit\/credit card  <\/li><li><strong>Security deposit:<\/strong> A mandatory security deposit of 800 PLN is payable on arrival. The deposit will be returned in full within 7 days of check-out to the bank account provided by the guest, provided no damage or rule violations have been found. If any damage or violations are identified, the cost of repair or replacement will be deducted from the deposit and the remaining amount returned to the guest.  <\/li><li><strong>Cancellation policy:<\/strong><ul><li>Failure to pay the deposit within the agreed time will result in automatic cancellation of the booking<\/li><li>Cancellations made more than 14 days before arrival will receive a 50% refund of the deposit paid<\/li><li>Cancellations made less than 14 days before arrival are non-refundable<\/li><\/ul><\/li><\/ol><\/li><\/ul><p><strong>By paying the booking deposit, you confirm that you have read and accepted both these Booking Terms and the Terms &amp; Conditions of Stay, and that your booking has been successfully placed.<\/strong><\/p>\t\t\t\t\t\t\t\t<\/div>\n\t\t\t\t\t<\/div>\n\t\t\t\t<\/div>\n\t\t\t\t<\/div>\n\t\t","protected":false},"excerpt":{"rendered":"<p>Booking Terms &amp; Conditions Booking &amp; Contact Details: You can book your stay at Chata na Skarpie, ul. Kolorowa 22A, 43-370 Szczyrk, Poland in the following ways: Phone: +48 607 995 885 Email: kontakt@chatanaskarpie.pl Website: chatanaskarpie.pl Personal details required: When [&hellip;]<\/p>\n","protected":false},"author":1,"featured_media":0,"parent":0,"menu_order":0,"comment_status":"closed","ping_status":"closed","template":"","meta":{"footnotes":""},"class_list":["post-2511","page","type-page","status-publish","hentry"],"_links":{"self":[{"href":"https:\/\/new.chatanaskarpie.pl\/en\/wp-json\/wp\/v2\/pages\/2511","targetHints":{"allow":["GET"]}}],"collection":[{"href":"https:\/\/new.chatanaskarpie.pl\/en\/wp-json\/wp\/v2\/pages"}],"about":[{"href":"https:\/\/new.chatanaskarpie.pl\/en\/wp-json\/wp\/v2\/types\/page"}],"author":[{"embeddable":true,"href":"https:\/\/new.chatanaskarpie.pl\/en\/wp-json\/wp\/v2\/users\/1"}],"replies":[{"embeddable":true,"href":"https:\/\/new.chatanaskarpie.pl\/en\/wp-json\/wp\/v2\/comments?post=2511"}],"version-history":[{"count":9,"href":"https:\/\/new.chatanaskarpie.pl\/en\/wp-json\/wp\/v2\/pages\/2511\/revisions"}],"predecessor-version":[{"id":2598,"href":"https:\/\/new.chatanaskarpie.pl\/en\/wp-json\/wp\/v2\/pages\/2511\/revisions\/2598"}],"wp:attachment":[{"href":"https:\/\/new.chatanaskarpie.pl\/en\/wp-json\/wp\/v2\/media?parent=2511"}],"curies":[{"name":"wp","href":"https:\/\/api.w.org\/{rel}","templated":true}]}}